





{"id":35496,"date":"2025-05-13T14:21:37","date_gmt":"2025-05-13T12:21:37","guid":{"rendered":"https:\/\/shop.vsc-klingenthal.de\/?post_type=product&#038;p=35496"},"modified":"2025-06-05T17:27:41","modified_gmt":"2025-06-05T15:27:41","slug":"evole-2-0-bushed-kapuzenjacke-damen","status":"publish","type":"product","link":"https:\/\/shop.vsc-klingenthal.de\/?product=evole-2-0-bushed-kapuzenjacke-damen","title":{"rendered":"Evole  2.0 Bushed Kapuzenjacke Damen"},"content":{"rendered":"<p>Die Evolve 2.0 Hood Jacket ist eine dehnbare und strapazierf\u00e4hige Midlayer-Jacke, die auch bei intensivem Training einen hervorragenden Feuchtigkeitstransport gew\u00e4hrleistet. Diese vielseitige Kapuzenjacke besteht aus einem weichen und funktionalen Polyestergewebe mit geb\u00fcrsteter Innenseite f\u00fcr mehr Tragekomfort. Die doppellagige Kapuze und das Rippb\u00fcndchen am unteren R\u00fcckenbereich verleihen der Jacke ihren l\u00e4ssigen Ausdruck. Dieses aus recycelten Fasern gefertigte Kleidungsst\u00fcck geh\u00f6rt zur neuen Generation von Teambekleidung mit einem geringeren \u00f6kologischen Fu\u00dfabdruck. Dar\u00fcber hinaus \u00fcberzeugt die Kapuzenjacke durch ihr cleanes Design, das f\u00fcr einen zeitlosen Look sorgt und viel Platz f\u00fcr Logos und Wappen bietet.<\/p>\n<p>Hergestellt aus recyceltem Polyester<br \/>\nGeb\u00fcrstete Innenseite f\u00fcr mehr Komfort<br \/>\nRippb\u00fcndchen an der unteren R\u00fcckseite<br \/>\nDoppellagige Kapuze<br \/>\nDurchgehender Rei\u00dfverschluss vorne<br \/>\nZwei Seitentaschen mit Rei\u00dfverschluss<\/p>\n<p>inkl. bedrucktem Vereinsnamen, -logo und Sponsorenlogos<br \/>\nArtikelnummer Craft: 19160042<\/p>\n","protected":false},"excerpt":{"rendered":"<p>Die Evolve 2.0 Hood Jacket ist eine dehnbare und strapazierf\u00e4hige Midlayer-Jacke, die auch bei intensivem Training einen hervorragenden Feuchtigkeitstransport gew\u00e4hrleistet. Diese vielseitige Kapuzenjacke besteht aus einem weichen und funktionalen Polyestergewebe mit geb\u00fcrsteter Innenseite f\u00fcr mehr Tragekomfort. Die doppellagige Kapuze und das Rippb\u00fcndchen am unteren R\u00fcckenbereich verleihen der Jacke ihren l\u00e4ssigen Ausdruck. Dieses aus recycelten Fasern [&hellip;]<\/p>\n","protected":false},"featured_media":35503,"template":"","meta":{"_et_pb_use_builder":"","_et_pb_old_content":"","_et_gb_content_width":""},"product_brand":[26],"product_cat":[23],"product_tag":[],"class_list":{"0":"post-35496","1":"product","2":"type-product","3":"status-publish","4":"has-post-thumbnail","6":"product_brand-craft","7":"product_cat-damen","9":"first","10":"instock","11":"taxable","12":"shipping-taxable","13":"purchasable","14":"product-type-variable"},"_links":{"self":[{"href":"https:\/\/shop.vsc-klingenthal.de\/index.php?rest_route=\/wp\/v2\/product\/35496","targetHints":{"allow":["GET"]}}],"collection":[{"href":"https:\/\/shop.vsc-klingenthal.de\/index.php?rest_route=\/wp\/v2\/product"}],"about":[{"href":"https:\/\/shop.vsc-klingenthal.de\/index.php?rest_route=\/wp\/v2\/types\/product"}],"wp:featuredmedia":[{"embeddable":true,"href":"https:\/\/shop.vsc-klingenthal.de\/index.php?rest_route=\/wp\/v2\/media\/35503"}],"wp:attachment":[{"href":"https:\/\/shop.vsc-klingenthal.de\/index.php?rest_route=%2Fwp%2Fv2%2Fmedia&parent=35496"}],"wp:term":[{"taxonomy":"product_brand","embeddable":true,"href":"https:\/\/shop.vsc-klingenthal.de\/index.php?rest_route=%2Fwp%2Fv2%2Fproduct_brand&post=35496"},{"taxonomy":"product_cat","embeddable":true,"href":"https:\/\/shop.vsc-klingenthal.de\/index.php?rest_route=%2Fwp%2Fv2%2Fproduct_cat&post=35496"},{"taxonomy":"product_tag","embeddable":true,"href":"https:\/\/shop.vsc-klingenthal.de\/index.php?rest_route=%2Fwp%2Fv2%2Fproduct_tag&post=35496"}],"curies":[{"name":"wp","href":"https:\/\/api.w.org\/{rel}","templated":true}]}}