





{"id":35480,"date":"2025-05-13T14:09:19","date_gmt":"2025-05-13T12:09:19","guid":{"rendered":"https:\/\/shop.vsc-klingenthal.de\/?post_type=product&#038;p=35480"},"modified":"2025-06-05T17:30:00","modified_gmt":"2025-06-05T15:30:00","slug":"ability-polo-kinder","status":"publish","type":"product","link":"https:\/\/shop.vsc-klingenthal.de\/?product=ability-polo-kinder","title":{"rendered":"Ability Polo Kinder"},"content":{"rendered":"<p>Das Ability Polo ist ein Premium-Poloshirt aus recyceltem Polyester, das gro\u00dfartige Funktionalit\u00e4t mit hervorragender Dehnbarkeit und weicher Haptik f\u00fcr maximalen Komfort kombiniert. Strategisch platzierte Mesh-Eins\u00e4tze und Perforationen sorgen f\u00fcr eine verbesserte Bel\u00fcftung, w\u00e4hrend das ergonomische Design volle Bewegungsfreiheit erm\u00f6glicht.<\/p>\n<p>Hergestellt aus recyceltem Polyester<br \/>\nMesh-Eins\u00e4tze an Hotspots<br \/>\nK\u00f6rperzentrierte Perforationen<br \/>\nPolokragen mit Knopfverschluss<br \/>\ninkl. bedrucktem Vereinsnamen, -logo und Sponsorenlogos<br \/>\nArtikelnummer Craft: 1916718<\/p>\n","protected":false},"excerpt":{"rendered":"<p>Das Ability Polo ist ein Premium-Poloshirt aus recyceltem Polyester, das gro\u00dfartige Funktionalit\u00e4t mit hervorragender Dehnbarkeit und weicher Haptik f\u00fcr maximalen Komfort kombiniert. Strategisch platzierte Mesh-Eins\u00e4tze und Perforationen sorgen f\u00fcr eine verbesserte Bel\u00fcftung, w\u00e4hrend das ergonomische Design volle Bewegungsfreiheit erm\u00f6glicht. Hergestellt aus recyceltem Polyester Mesh-Eins\u00e4tze an Hotspots K\u00f6rperzentrierte Perforationen Polokragen mit Knopfverschluss inkl. bedrucktem Vereinsnamen, -logo [&hellip;]<\/p>\n","protected":false},"featured_media":35369,"template":"","meta":{"_et_pb_use_builder":"","_et_pb_old_content":"","_et_gb_content_width":""},"product_brand":[26],"product_cat":[24],"product_tag":[30,43,50],"class_list":{"0":"post-35480","1":"product","2":"type-product","3":"status-publish","4":"has-post-thumbnail","6":"product_brand-craft","7":"product_cat-kinder","8":"product_tag-craft","9":"product_tag-herren","10":"product_tag-polo","12":"first","13":"instock","14":"taxable","15":"shipping-taxable","16":"purchasable","17":"product-type-variable"},"_links":{"self":[{"href":"https:\/\/shop.vsc-klingenthal.de\/index.php?rest_route=\/wp\/v2\/product\/35480","targetHints":{"allow":["GET"]}}],"collection":[{"href":"https:\/\/shop.vsc-klingenthal.de\/index.php?rest_route=\/wp\/v2\/product"}],"about":[{"href":"https:\/\/shop.vsc-klingenthal.de\/index.php?rest_route=\/wp\/v2\/types\/product"}],"wp:featuredmedia":[{"embeddable":true,"href":"https:\/\/shop.vsc-klingenthal.de\/index.php?rest_route=\/wp\/v2\/media\/35369"}],"wp:attachment":[{"href":"https:\/\/shop.vsc-klingenthal.de\/index.php?rest_route=%2Fwp%2Fv2%2Fmedia&parent=35480"}],"wp:term":[{"taxonomy":"product_brand","embeddable":true,"href":"https:\/\/shop.vsc-klingenthal.de\/index.php?rest_route=%2Fwp%2Fv2%2Fproduct_brand&post=35480"},{"taxonomy":"product_cat","embeddable":true,"href":"https:\/\/shop.vsc-klingenthal.de\/index.php?rest_route=%2Fwp%2Fv2%2Fproduct_cat&post=35480"},{"taxonomy":"product_tag","embeddable":true,"href":"https:\/\/shop.vsc-klingenthal.de\/index.php?rest_route=%2Fwp%2Fv2%2Fproduct_tag&post=35480"}],"curies":[{"name":"wp","href":"https:\/\/api.w.org\/{rel}","templated":true}]}}