





{"id":34722,"date":"2025-04-24T13:09:31","date_gmt":"2025-04-24T11:09:31","guid":{"rendered":"https:\/\/shop.vsc-klingenthal.de\/?post_type=product&#038;p=34722"},"modified":"2025-06-05T17:43:21","modified_gmt":"2025-06-05T15:43:21","slug":"squad-go-fz-jacket-women","status":"publish","type":"product","link":"https:\/\/shop.vsc-klingenthal.de\/?product=squad-go-fz-jacket-women","title":{"rendered":"Squad Go FZ Trainingsjacke Damen"},"content":{"rendered":"<p>Die Squad Go FZ Jacke ist eine funktionelle und langlebige Trainingsjacke, die perfekt in die Garderobe eines jeden Teams passt. Diese vielseitige und langlebige Trainingsjacke mit durchgehendem Rei\u00dfverschluss besteht aus strapazierf\u00e4higem und recyceltem Polyestergewebe und gew\u00e4hrleistet auch bei intensiven Trainingseinheiten einen hervorragenden Feuchtigkeitstransport. Die sportliche Passform sorgt f\u00fcr Bewegungsfreiheit und zwei Seitentaschen mit Rei\u00dfverschluss bieten sicheren Stauraum f\u00fcr Kleinkram.<\/p>\n<p>Strapazierf\u00e4higer Stoff aus recyceltem Polyester<br \/>\nStehkragen<br \/>\nZwei Seitentaschen mit Rei\u00dfverschluss<br \/>\nKlares Design<\/p>\n<p>Material: 100% Polyester (recycelt)<br \/>\ninkl. bedrucktem Vereinsnamen, -logo und Sponsorenlogos<br \/>\nArtikelnummer Craft: 1915347<\/p>\n","protected":false},"excerpt":{"rendered":"<p>Die Squad Go FZ Jacke ist eine funktionelle und langlebige Trainingsjacke, die perfekt in die Garderobe eines jeden Teams passt. Diese vielseitige und langlebige Trainingsjacke mit durchgehendem Rei\u00dfverschluss besteht aus strapazierf\u00e4higem und recyceltem Polyestergewebe und gew\u00e4hrleistet auch bei intensiven Trainingseinheiten einen hervorragenden Feuchtigkeitstransport. Die sportliche Passform sorgt f\u00fcr Bewegungsfreiheit und zwei Seitentaschen mit Rei\u00dfverschluss bieten [&hellip;]<\/p>\n","protected":false},"featured_media":35384,"template":"","meta":{"_et_pb_use_builder":"","_et_pb_old_content":"","_et_gb_content_width":""},"product_brand":[26],"product_cat":[23],"product_tag":[30,44,46],"class_list":{"0":"post-34722","1":"product","2":"type-product","3":"status-publish","4":"has-post-thumbnail","6":"product_brand-craft","7":"product_cat-damen","8":"product_tag-craft","9":"product_tag-damen","10":"product_tag-jacket","12":"first","13":"instock","14":"taxable","15":"shipping-taxable","16":"purchasable","17":"product-type-variable"},"_links":{"self":[{"href":"https:\/\/shop.vsc-klingenthal.de\/index.php?rest_route=\/wp\/v2\/product\/34722","targetHints":{"allow":["GET"]}}],"collection":[{"href":"https:\/\/shop.vsc-klingenthal.de\/index.php?rest_route=\/wp\/v2\/product"}],"about":[{"href":"https:\/\/shop.vsc-klingenthal.de\/index.php?rest_route=\/wp\/v2\/types\/product"}],"wp:featuredmedia":[{"embeddable":true,"href":"https:\/\/shop.vsc-klingenthal.de\/index.php?rest_route=\/wp\/v2\/media\/35384"}],"wp:attachment":[{"href":"https:\/\/shop.vsc-klingenthal.de\/index.php?rest_route=%2Fwp%2Fv2%2Fmedia&parent=34722"}],"wp:term":[{"taxonomy":"product_brand","embeddable":true,"href":"https:\/\/shop.vsc-klingenthal.de\/index.php?rest_route=%2Fwp%2Fv2%2Fproduct_brand&post=34722"},{"taxonomy":"product_cat","embeddable":true,"href":"https:\/\/shop.vsc-klingenthal.de\/index.php?rest_route=%2Fwp%2Fv2%2Fproduct_cat&post=34722"},{"taxonomy":"product_tag","embeddable":true,"href":"https:\/\/shop.vsc-klingenthal.de\/index.php?rest_route=%2Fwp%2Fv2%2Fproduct_tag&post=34722"}],"curies":[{"name":"wp","href":"https:\/\/api.w.org\/{rel}","templated":true}]}}