





{"id":34684,"date":"2025-04-24T12:45:24","date_gmt":"2025-04-24T10:45:24","guid":{"rendered":"https:\/\/shop.vsc-klingenthal.de\/?post_type=product&#038;p=34684"},"modified":"2025-06-05T17:50:15","modified_gmt":"2025-06-05T15:50:15","slug":"core-nordic-ski-club-fz-pants-women","status":"publish","type":"product","link":"https:\/\/shop.vsc-klingenthal.de\/?product=core-nordic-ski-club-fz-pants-women","title":{"rendered":"CORE Nordic Ski Club FZ Softshellhose Damen"},"content":{"rendered":"<p>Wind- und wasserdichte Softshell-Hose mit durchgehendem Rei\u00dfverschluss an den Seiten, die f\u00fcr alle Arten von Outdoor-Training geeignet ist.<\/p>\n<p>Beinabschl\u00fcsse mit Rei\u00dfverschluss<br \/>\nKomfortables, Wind- und wasserdichtes, elastisches 3-Lagen-Gewebe<br \/>\nVorgeformte Kniepartie f\u00fcr eine optimale Passform<br \/>\nJersey an der R\u00fcckseite des Beins f\u00fcr eine bessere Bel\u00fcftung<br \/>\nVerstellbarer, elastischer Bund<br \/>\nElastische Beinabschl\u00fcsse f\u00fcr einen guten Sitz \u00fcber den Skischuhen<\/p>\n<p>Material: Vorne 100% Polyester, R\u00fcckseite 100% Polyester Waden R\u00fcckseite, 8% Elastan<br \/>\ninkl. bedrucktem Vereinsnamen, -logo und Sponsorenlogos<br \/>\nArtikelnummer Craft: 1912527<\/p>\n","protected":false},"excerpt":{"rendered":"<p>Wind- und wasserdichte Softshell-Hose mit durchgehendem Rei\u00dfverschluss an den Seiten, die f\u00fcr alle Arten von Outdoor-Training geeignet ist. Beinabschl\u00fcsse mit Rei\u00dfverschluss Komfortables, Wind- und wasserdichtes, elastisches 3-Lagen-Gewebe Vorgeformte Kniepartie f\u00fcr eine optimale Passform Jersey an der R\u00fcckseite des Beins f\u00fcr eine bessere Bel\u00fcftung Verstellbarer, elastischer Bund Elastische Beinabschl\u00fcsse f\u00fcr einen guten Sitz \u00fcber den Skischuhen [&hellip;]<\/p>\n","protected":false},"featured_media":35400,"template":"","meta":{"_et_pb_use_builder":"","_et_pb_old_content":"","_et_gb_content_width":""},"product_brand":[26],"product_cat":[23],"product_tag":[30,44,47],"class_list":{"0":"post-34684","1":"product","2":"type-product","3":"status-publish","4":"has-post-thumbnail","6":"product_brand-craft","7":"product_cat-damen","8":"product_tag-craft","9":"product_tag-damen","10":"product_tag-pants","12":"first","13":"instock","14":"taxable","15":"shipping-taxable","16":"purchasable","17":"product-type-variable"},"_links":{"self":[{"href":"https:\/\/shop.vsc-klingenthal.de\/index.php?rest_route=\/wp\/v2\/product\/34684","targetHints":{"allow":["GET"]}}],"collection":[{"href":"https:\/\/shop.vsc-klingenthal.de\/index.php?rest_route=\/wp\/v2\/product"}],"about":[{"href":"https:\/\/shop.vsc-klingenthal.de\/index.php?rest_route=\/wp\/v2\/types\/product"}],"wp:featuredmedia":[{"embeddable":true,"href":"https:\/\/shop.vsc-klingenthal.de\/index.php?rest_route=\/wp\/v2\/media\/35400"}],"wp:attachment":[{"href":"https:\/\/shop.vsc-klingenthal.de\/index.php?rest_route=%2Fwp%2Fv2%2Fmedia&parent=34684"}],"wp:term":[{"taxonomy":"product_brand","embeddable":true,"href":"https:\/\/shop.vsc-klingenthal.de\/index.php?rest_route=%2Fwp%2Fv2%2Fproduct_brand&post=34684"},{"taxonomy":"product_cat","embeddable":true,"href":"https:\/\/shop.vsc-klingenthal.de\/index.php?rest_route=%2Fwp%2Fv2%2Fproduct_cat&post=34684"},{"taxonomy":"product_tag","embeddable":true,"href":"https:\/\/shop.vsc-klingenthal.de\/index.php?rest_route=%2Fwp%2Fv2%2Fproduct_tag&post=34684"}],"curies":[{"name":"wp","href":"https:\/\/api.w.org\/{rel}","templated":true}]}}