





{"id":34669,"date":"2025-04-24T12:33:13","date_gmt":"2025-04-24T10:33:13","guid":{"rendered":"https:\/\/shop.vsc-klingenthal.de\/?post_type=product&#038;p=34669"},"modified":"2025-06-05T17:52:32","modified_gmt":"2025-06-05T15:52:32","slug":"adv-nordic-skoi-club-jacket-kids","status":"publish","type":"product","link":"https:\/\/shop.vsc-klingenthal.de\/?product=adv-nordic-skoi-club-jacket-kids","title":{"rendered":"ADV Nordic Ski Club Langlaufjacke Kinder"},"content":{"rendered":"<p>Leichte, wattierte Langlaufjacke aus recyceltem, wind- und wasserdichtem 2-Lagen-Material auf der Vorderseite und den \u00c4rmeln. Der R\u00fccken besteht aus elastischem Jersey.<\/p>\n<p>Regular fit<br \/>\nWind- und wasserdichtes Material vorne und an den \u00c4rmeln (WP 8.000 \/ MVP 10.000)<br \/>\nRecyceltes Polyester f\u00fcr Bewegungsfreiheit und Ventilation<br \/>\nLeichte Wattierung vorne (40 g\/m\u00b2)<br \/>\n2 Taschen vorne mit Rei\u00dfverschluss<br \/>\ninkl. bedrucktem Vereinsnamen, -logo und Sponsorenlogos<br \/>\nArtikelnummer Craft: 1913825<\/p>\n","protected":false},"excerpt":{"rendered":"<p>Leichte, wattierte Langlaufjacke aus recyceltem, wind- und wasserdichtem 2-Lagen-Material auf der Vorderseite und den \u00c4rmeln. Der R\u00fccken besteht aus elastischem Jersey. Regular fit Wind- und wasserdichtes Material vorne und an den \u00c4rmeln (WP 8.000 \/ MVP 10.000) Recyceltes Polyester f\u00fcr Bewegungsfreiheit und Ventilation Leichte Wattierung vorne (40 g\/m\u00b2) 2 Taschen vorne mit Rei\u00dfverschluss inkl. bedrucktem [&hellip;]<\/p>\n","protected":false},"featured_media":35394,"template":"","meta":{"_et_pb_use_builder":"","_et_pb_old_content":"","_et_gb_content_width":""},"product_brand":[26],"product_cat":[24],"product_tag":[30,45,40],"class_list":{"0":"post-34669","1":"product","2":"type-product","3":"status-publish","4":"has-post-thumbnail","6":"product_brand-craft","7":"product_cat-kinder","8":"product_tag-craft","9":"product_tag-kinder","10":"product_tag-kinder-shirt","12":"first","13":"instock","14":"taxable","15":"shipping-taxable","16":"purchasable","17":"product-type-variable"},"_links":{"self":[{"href":"https:\/\/shop.vsc-klingenthal.de\/index.php?rest_route=\/wp\/v2\/product\/34669","targetHints":{"allow":["GET"]}}],"collection":[{"href":"https:\/\/shop.vsc-klingenthal.de\/index.php?rest_route=\/wp\/v2\/product"}],"about":[{"href":"https:\/\/shop.vsc-klingenthal.de\/index.php?rest_route=\/wp\/v2\/types\/product"}],"wp:featuredmedia":[{"embeddable":true,"href":"https:\/\/shop.vsc-klingenthal.de\/index.php?rest_route=\/wp\/v2\/media\/35394"}],"wp:attachment":[{"href":"https:\/\/shop.vsc-klingenthal.de\/index.php?rest_route=%2Fwp%2Fv2%2Fmedia&parent=34669"}],"wp:term":[{"taxonomy":"product_brand","embeddable":true,"href":"https:\/\/shop.vsc-klingenthal.de\/index.php?rest_route=%2Fwp%2Fv2%2Fproduct_brand&post=34669"},{"taxonomy":"product_cat","embeddable":true,"href":"https:\/\/shop.vsc-klingenthal.de\/index.php?rest_route=%2Fwp%2Fv2%2Fproduct_cat&post=34669"},{"taxonomy":"product_tag","embeddable":true,"href":"https:\/\/shop.vsc-klingenthal.de\/index.php?rest_route=%2Fwp%2Fv2%2Fproduct_tag&post=34669"}],"curies":[{"name":"wp","href":"https:\/\/api.w.org\/{rel}","templated":true}]}}