





{"id":34632,"date":"2025-04-24T11:29:56","date_gmt":"2025-04-24T09:29:56","guid":{"rendered":"https:\/\/shop.vsc-klingenthal.de\/?post_type=product&#038;p=34632"},"modified":"2025-06-05T18:00:17","modified_gmt":"2025-06-05T16:00:17","slug":"community-2-0-logo-hoodie-men","status":"publish","type":"product","link":"https:\/\/shop.vsc-klingenthal.de\/?product=community-2-0-logo-hoodie-men","title":{"rendered":"Community 2.0 Logo Hoodie Herren"},"content":{"rendered":"<p>[et_pb_section fb_built=&#8220;1&#8243; _builder_version=&#8220;4.16&#8243; custom_padding=&#8220;0px||||false|false&#8220; global_colors_info=&#8220;{}&#8220;][et_pb_row _builder_version=&#8220;4.16&#8243; background_size=&#8220;initial&#8220; background_position=&#8220;top_left&#8220; background_repeat=&#8220;repeat&#8220; width=&#8220;100%&#8220; custom_padding=&#8220;0px||0px||false|false&#8220; global_colors_info=&#8220;{}&#8220;][et_pb_column type=&#8220;4_4&#8243; _builder_version=&#8220;4.16&#8243; custom_padding=&#8220;|||&#8220; global_colors_info=&#8220;{}&#8220; custom_padding__hover=&#8220;|||&#8220;][et_pb_wc_breadcrumb _builder_version=&#8220;4.16&#8243; global_colors_info=&#8220;{}&#8220;][\/et_pb_wc_breadcrumb][et_pb_wc_cart_notice _builder_version=&#8220;4.27.4&#8243; background_color=&#8220;#0C71C3&#8243; global_colors_info=&#8220;{}&#8220;][\/et_pb_wc_cart_notice][\/et_pb_column][\/et_pb_row][et_pb_row column_structure=&#8220;1_2,1_2&#8243; _builder_version=&#8220;4.16&#8243; background_size=&#8220;initial&#8220; background_position=&#8220;top_left&#8220; background_repeat=&#8220;repeat&#8220; width=&#8220;100%&#8220; custom_padding=&#8220;0px||||false|false&#8220; global_colors_info=&#8220;{}&#8220;][et_pb_column type=&#8220;1_2&#8243; _builder_version=&#8220;4.16&#8243; custom_padding=&#8220;|||&#8220; global_colors_info=&#8220;{}&#8220; custom_padding__hover=&#8220;|||&#8220;][et_pb_wc_images show_sale_badge=&#8220;off&#8220; _builder_version=&#8220;4.27.4&#8243; global_colors_info=&#8220;{}&#8220;][\/et_pb_wc_images][\/et_pb_column][et_pb_column type=&#8220;1_2&#8243; _builder_version=&#8220;4.16&#8243; custom_padding=&#8220;|||&#8220; global_colors_info=&#8220;{}&#8220; custom_padding__hover=&#8220;|||&#8220;][et_pb_wc_title _builder_version=&#8220;4.27.4&#8243; header_font=&#8220;&#8211;et_global_heading_font||||||||&#8220; header_text_color=&#8220;#0C71C3&#8243; global_colors_info=&#8220;{}&#8220;][\/et_pb_wc_title][et_pb_wc_price _builder_version=&#8220;4.16&#8243; global_colors_info=&#8220;{}&#8220;][\/et_pb_wc_price][et_pb_wc_description _builder_version=&#8220;4.16&#8243; global_colors_info=&#8220;{}&#8220;][\/et_pb_wc_description][et_pb_wc_add_to_cart _builder_version=&#8220;4.27.4&#8243; custom_button=&#8220;on&#8220; button_text_color=&#8220;#FFFFFF&#8220; button_bg_color=&#8220;#0C71C3&#8243; button_border_width=&#8220;0px&#8220; button_font=&#8220;&#8211;et_global_body_font||||||||&#8220; global_colors_info=&#8220;{}&#8220;][\/et_pb_wc_add_to_cart][et_pb_wc_meta _builder_version=&#8220;4.16&#8243; global_colors_info=&#8220;{}&#8220;][\/et_pb_wc_meta][\/et_pb_column][\/et_pb_row][et_pb_row _builder_version=&#8220;4.16&#8243; background_size=&#8220;initial&#8220; background_position=&#8220;top_left&#8220; background_repeat=&#8220;repeat&#8220; width=&#8220;100%&#8220; global_colors_info=&#8220;{}&#8220;][et_pb_column type=&#8220;4_4&#8243; _builder_version=&#8220;4.16&#8243; custom_padding=&#8220;|||&#8220; global_colors_info=&#8220;{}&#8220; custom_padding__hover=&#8220;|||&#8220;][et_pb_wc_tabs _builder_version=&#8220;4.16&#8243; global_colors_info=&#8220;{}&#8220;]\t\t\t\t\t[\/et_pb_wc_tabs][et_pb_wc_upsells _builder_version=&#8220;4.16&#8243; global_colors_info=&#8220;{}&#8220;][\/et_pb_wc_upsells][et_pb_wc_related_products _builder_version=&#8220;4.16&#8243; global_colors_info=&#8220;{}&#8220;][\/et_pb_wc_related_products][\/et_pb_column][\/et_pb_row][\/et_pb_section]<\/p>\n","protected":false},"excerpt":{"rendered":"","protected":false},"featured_media":35419,"template":"","meta":{"_et_pb_use_builder":"on","_et_pb_old_content":"Der Community 2.0 Logo Hoodie kombiniert eine entspannte und dennoch athletische Passform mit einem sportlichen Ausdruck, ideal f\u00fcr entspannte Momente abseits des Spielfelds. Dieser l\u00e4ssige Kapuzenpullover besteht aus einer weichen Mischung aus recyceltem Polyester und Bio-Baumwolle und weist eine geb\u00fcrstete Innenseite auf. Er sorgt f\u00fcr ein geschmeidiges Tragegef\u00fchl und hohen Komfort und belebt den Teamgeist.\r\n\r\nWeicher Stoff aus recyceltem Polyester und Bio-Baumwolle\r\nInnenseite geb\u00fcrstet\r\nK\u00e4ngurutasche vorne\r\nKontrastlogo vorne in der Mitte\r\nNormale Passform\r\ninkl. bedrucktem Vereinsnamen, -logo und Sponsorenlogos\r\nArtikelnummer Craft: 1915344","_et_gb_content_width":""},"product_brand":[26],"product_cat":[22],"product_tag":[30,43,42],"class_list":{"0":"post-34632","1":"product","2":"type-product","3":"status-publish","4":"has-post-thumbnail","6":"product_brand-craft","7":"product_cat-herren","8":"product_tag-craft","9":"product_tag-herren","10":"product_tag-hoodie","12":"first","13":"instock","14":"taxable","15":"shipping-taxable","16":"purchasable","17":"product-type-variable"},"_links":{"self":[{"href":"https:\/\/shop.vsc-klingenthal.de\/index.php?rest_route=\/wp\/v2\/product\/34632","targetHints":{"allow":["GET"]}}],"collection":[{"href":"https:\/\/shop.vsc-klingenthal.de\/index.php?rest_route=\/wp\/v2\/product"}],"about":[{"href":"https:\/\/shop.vsc-klingenthal.de\/index.php?rest_route=\/wp\/v2\/types\/product"}],"wp:featuredmedia":[{"embeddable":true,"href":"https:\/\/shop.vsc-klingenthal.de\/index.php?rest_route=\/wp\/v2\/media\/35419"}],"wp:attachment":[{"href":"https:\/\/shop.vsc-klingenthal.de\/index.php?rest_route=%2Fwp%2Fv2%2Fmedia&parent=34632"}],"wp:term":[{"taxonomy":"product_brand","embeddable":true,"href":"https:\/\/shop.vsc-klingenthal.de\/index.php?rest_route=%2Fwp%2Fv2%2Fproduct_brand&post=34632"},{"taxonomy":"product_cat","embeddable":true,"href":"https:\/\/shop.vsc-klingenthal.de\/index.php?rest_route=%2Fwp%2Fv2%2Fproduct_cat&post=34632"},{"taxonomy":"product_tag","embeddable":true,"href":"https:\/\/shop.vsc-klingenthal.de\/index.php?rest_route=%2Fwp%2Fv2%2Fproduct_tag&post=34632"}],"curies":[{"name":"wp","href":"https:\/\/api.w.org\/{rel}","templated":true}]}}