





{"id":34610,"date":"2025-04-24T11:15:00","date_gmt":"2025-04-24T09:15:00","guid":{"rendered":"https:\/\/shop.vsc-klingenthal.de\/?post_type=product&#038;p=34610"},"modified":"2025-06-27T11:26:47","modified_gmt":"2025-06-27T09:26:47","slug":"squad-go-jersey-solid-ls-kids","status":"publish","type":"product","link":"https:\/\/shop.vsc-klingenthal.de\/?product=squad-go-jersey-solid-ls-kids","title":{"rendered":"Squad Go Jersey Solid Langarmshirt Kinder"},"content":{"rendered":"<p>Langarmtrikot aus elastischem und funktionellem Material, das einen effizienten Feuchtigkeitstransport und ein hervorragendes K\u00f6rpertemperaturmanagement f\u00fcr optimale Leistung bietet. Hohe Elastizit\u00e4t und ergonomisches Design sorgen f\u00fcr eine komfortable Passform und gro\u00dfe Bewegungsfreiheit.<\/p>\n<p>Material: 100% Polyester<br \/>\ninkl. bedrucktem Vereinsnamen, -logo und Sponsorenlogos<br \/>\nArtikelnummer Craft: 1906886<\/p>\n","protected":false},"excerpt":{"rendered":"<p>Langarmtrikot aus elastischem und funktionellem Material, das einen effizienten Feuchtigkeitstransport und ein hervorragendes K\u00f6rpertemperaturmanagement f\u00fcr optimale Leistung bietet. Hohe Elastizit\u00e4t und ergonomisches Design sorgen f\u00fcr eine komfortable Passform und gro\u00dfe Bewegungsfreiheit. Material: 100% Polyester inkl. bedrucktem Vereinsnamen, -logo und Sponsorenlogos Artikelnummer Craft: 1906886<\/p>\n","protected":false},"featured_media":35422,"template":"","meta":{"_et_pb_use_builder":"","_et_pb_old_content":"","_et_gb_content_width":""},"product_brand":[26],"product_cat":[24],"product_tag":[30,41,40,32],"class_list":{"0":"post-34610","1":"product","2":"type-product","3":"status-publish","4":"has-post-thumbnail","6":"product_brand-craft","7":"product_cat-kinder","8":"product_tag-craft","9":"product_tag-jersey-solid-ls","10":"product_tag-kinder-shirt","11":"product_tag-shirt","13":"first","14":"instock","15":"taxable","16":"shipping-taxable","17":"purchasable","18":"product-type-variable"},"_links":{"self":[{"href":"https:\/\/shop.vsc-klingenthal.de\/index.php?rest_route=\/wp\/v2\/product\/34610","targetHints":{"allow":["GET"]}}],"collection":[{"href":"https:\/\/shop.vsc-klingenthal.de\/index.php?rest_route=\/wp\/v2\/product"}],"about":[{"href":"https:\/\/shop.vsc-klingenthal.de\/index.php?rest_route=\/wp\/v2\/types\/product"}],"wp:featuredmedia":[{"embeddable":true,"href":"https:\/\/shop.vsc-klingenthal.de\/index.php?rest_route=\/wp\/v2\/media\/35422"}],"wp:attachment":[{"href":"https:\/\/shop.vsc-klingenthal.de\/index.php?rest_route=%2Fwp%2Fv2%2Fmedia&parent=34610"}],"wp:term":[{"taxonomy":"product_brand","embeddable":true,"href":"https:\/\/shop.vsc-klingenthal.de\/index.php?rest_route=%2Fwp%2Fv2%2Fproduct_brand&post=34610"},{"taxonomy":"product_cat","embeddable":true,"href":"https:\/\/shop.vsc-klingenthal.de\/index.php?rest_route=%2Fwp%2Fv2%2Fproduct_cat&post=34610"},{"taxonomy":"product_tag","embeddable":true,"href":"https:\/\/shop.vsc-klingenthal.de\/index.php?rest_route=%2Fwp%2Fv2%2Fproduct_tag&post=34610"}],"curies":[{"name":"wp","href":"https:\/\/api.w.org\/{rel}","templated":true}]}}