





{"id":34293,"date":"2025-04-23T14:43:08","date_gmt":"2025-04-23T12:43:08","guid":{"rendered":"https:\/\/shop.vsc-klingenthal.de\/?post_type=product&#038;p=34293"},"modified":"2025-06-27T11:18:30","modified_gmt":"2025-06-27T09:18:30","slug":"squad-go-function-tee-kids","status":"publish","type":"product","link":"https:\/\/shop.vsc-klingenthal.de\/?product=squad-go-function-tee-kids","title":{"rendered":"Squad Go Jersey Solid Kinder"},"content":{"rendered":"<p>Das Squad Go Jersey Solid besteht aus weichem, leichtem und schnell trocknendem Stoff, der effizienten Feuchtigkeitstransport und hohen Komfort gew\u00e4hrleistet. Dieses funktionelle T-Shirt ist ideal f\u00fcr die meisten Mannschaftssportarten und eignet sich perfekt zur St\u00e4rkung des Teamgeists.<\/p>\n<p>\u2022 Leichter und schnell trocknender Stoff aus recyceltem Polyester<br \/>\n\u2022 Normale Passform<br \/>\n\u2022 Material: 100% Polyester (recycelt)<br \/>\n\u2022 inkl. bedrucktem Vereinsnamen, -logo und Sponsorenlogos<br \/>\n\u2022 Artikelnummer Craft: 1905582<\/p>\n","protected":false},"excerpt":{"rendered":"<p>Das Squad Go Jersey Solid besteht aus weichem, leichtem und schnell trocknendem Stoff, der effizienten Feuchtigkeitstransport und hohen Komfort gew\u00e4hrleistet. Dieses funktionelle T-Shirt ist ideal f\u00fcr die meisten Mannschaftssportarten und eignet sich perfekt zur St\u00e4rkung des Teamgeists. \u2022 Leichter und schnell trocknender Stoff aus recyceltem Polyester \u2022 Normale Passform \u2022 Material: 100% Polyester (recycelt) \u2022 [&hellip;]<\/p>\n","protected":false},"featured_media":35552,"template":"","meta":{"_et_pb_use_builder":"","_et_pb_old_content":"","_et_gb_content_width":""},"product_brand":[26],"product_cat":[24],"product_tag":[30,40,32],"class_list":{"0":"post-34293","1":"product","2":"type-product","3":"status-publish","4":"has-post-thumbnail","6":"product_brand-craft","7":"product_cat-kinder","8":"product_tag-craft","9":"product_tag-kinder-shirt","10":"product_tag-shirt","12":"first","13":"instock","14":"taxable","15":"shipping-taxable","16":"purchasable","17":"product-type-variable"},"_links":{"self":[{"href":"https:\/\/shop.vsc-klingenthal.de\/index.php?rest_route=\/wp\/v2\/product\/34293","targetHints":{"allow":["GET"]}}],"collection":[{"href":"https:\/\/shop.vsc-klingenthal.de\/index.php?rest_route=\/wp\/v2\/product"}],"about":[{"href":"https:\/\/shop.vsc-klingenthal.de\/index.php?rest_route=\/wp\/v2\/types\/product"}],"wp:featuredmedia":[{"embeddable":true,"href":"https:\/\/shop.vsc-klingenthal.de\/index.php?rest_route=\/wp\/v2\/media\/35552"}],"wp:attachment":[{"href":"https:\/\/shop.vsc-klingenthal.de\/index.php?rest_route=%2Fwp%2Fv2%2Fmedia&parent=34293"}],"wp:term":[{"taxonomy":"product_brand","embeddable":true,"href":"https:\/\/shop.vsc-klingenthal.de\/index.php?rest_route=%2Fwp%2Fv2%2Fproduct_brand&post=34293"},{"taxonomy":"product_cat","embeddable":true,"href":"https:\/\/shop.vsc-klingenthal.de\/index.php?rest_route=%2Fwp%2Fv2%2Fproduct_cat&post=34293"},{"taxonomy":"product_tag","embeddable":true,"href":"https:\/\/shop.vsc-klingenthal.de\/index.php?rest_route=%2Fwp%2Fv2%2Fproduct_tag&post=34293"}],"curies":[{"name":"wp","href":"https:\/\/api.w.org\/{rel}","templated":true}]}}