





{"id":114,"date":"2025-04-19T20:29:01","date_gmt":"2025-04-19T18:29:01","guid":{"rendered":"https:\/\/shop.vsc-klingenthal.de\/?post_type=product&#038;p=114"},"modified":"2025-06-27T11:21:12","modified_gmt":"2025-06-27T09:21:12","slug":"craft-sportshirt","status":"publish","type":"product","link":"https:\/\/shop.vsc-klingenthal.de\/?product=craft-sportshirt","title":{"rendered":"Squad Go Jersey Solid Herren"},"content":{"rendered":"<p>Das Squad Go Jersey Solid besteht aus weichem, leichtem und schnell trocknendem Stoff, der effizienten Feuchtigkeitstransport und hohen Komfort gew\u00e4hrleistet. Dieses funktionelle T-Shirt ist ideal f\u00fcr die meisten Mannschaftssportarten und eignet sich perfekt zur St\u00e4rkung des Teamgeists.<\/p>\n<p>\u2022 Leichter und schnell trocknender Stoff<br \/>\n\u2022 Normale Passform<br \/>\n\u2022 Material: 100% Polyester (recycelt)<br \/>\n\u2022 inkl. bedrucktem Vereinsnamen, -logo und Sponsorenlogos<br \/>\n\u2022 Artikelnummer Craft: 1905582<\/p>\n","protected":false},"excerpt":{"rendered":"<p>Das Squad Go Jersey Solid besteht aus weichem, leichtem und schnell trocknendem Stoff, der effizienten Feuchtigkeitstransport und hohen Komfort gew\u00e4hrleistet. Dieses funktionelle T-Shirt ist ideal f\u00fcr die meisten Mannschaftssportarten und eignet sich perfekt zur St\u00e4rkung des Teamgeists. \u2022 Leichter und schnell trocknender Stoff \u2022 Normale Passform \u2022 Material: 100% Polyester (recycelt) \u2022 inkl. bedrucktem Vereinsnamen, [&hellip;]<\/p>\n","protected":false},"featured_media":35562,"template":"","meta":{"_et_pb_use_builder":"","_et_pb_old_content":"","_et_gb_content_width":""},"product_brand":[26],"product_cat":[22],"product_tag":[30,31,33,32],"class_list":{"0":"post-114","1":"product","2":"type-product","3":"status-publish","4":"has-post-thumbnail","6":"product_brand-craft","7":"product_cat-herren","8":"product_tag-craft","9":"product_tag-function-tee","10":"product_tag-herren-shirt","11":"product_tag-shirt","13":"first","14":"instock","15":"taxable","16":"shipping-taxable","17":"purchasable","18":"product-type-variable","19":"has-default-attributes"},"_links":{"self":[{"href":"https:\/\/shop.vsc-klingenthal.de\/index.php?rest_route=\/wp\/v2\/product\/114","targetHints":{"allow":["GET"]}}],"collection":[{"href":"https:\/\/shop.vsc-klingenthal.de\/index.php?rest_route=\/wp\/v2\/product"}],"about":[{"href":"https:\/\/shop.vsc-klingenthal.de\/index.php?rest_route=\/wp\/v2\/types\/product"}],"wp:featuredmedia":[{"embeddable":true,"href":"https:\/\/shop.vsc-klingenthal.de\/index.php?rest_route=\/wp\/v2\/media\/35562"}],"wp:attachment":[{"href":"https:\/\/shop.vsc-klingenthal.de\/index.php?rest_route=%2Fwp%2Fv2%2Fmedia&parent=114"}],"wp:term":[{"taxonomy":"product_brand","embeddable":true,"href":"https:\/\/shop.vsc-klingenthal.de\/index.php?rest_route=%2Fwp%2Fv2%2Fproduct_brand&post=114"},{"taxonomy":"product_cat","embeddable":true,"href":"https:\/\/shop.vsc-klingenthal.de\/index.php?rest_route=%2Fwp%2Fv2%2Fproduct_cat&post=114"},{"taxonomy":"product_tag","embeddable":true,"href":"https:\/\/shop.vsc-klingenthal.de\/index.php?rest_route=%2Fwp%2Fv2%2Fproduct_tag&post=114"}],"curies":[{"name":"wp","href":"https:\/\/api.w.org\/{rel}","templated":true}]}}